{"id":1040186,"date":"2025-01-21T13:29:03","date_gmt":"2025-01-21T13:29:03","guid":{"rendered":"https:\/\/olivomercadotecnia.mx\/bienestar\/?post_type=product&#038;p=1040186"},"modified":"2025-02-18T18:23:30","modified_gmt":"2025-02-18T18:23:30","slug":"evento-de-bienestar-mujer-en-plenitud-con-taller-de-tisha-aste","status":"publish","type":"product","link":"http:\/\/olivomercadotecnia.mx\/bienestar\/producto\/evento-de-bienestar-mujer-en-plenitud-con-taller-de-tisha-aste\/","title":{"rendered":"Evento de Bienestar: Mujer en Plenitud con taller de Tisha Aste"},"content":{"rendered":"<p>Un espacio dise\u00f1ado especialmente para mujeres que buscan vivir con bienestar, equilibrio y vitalidad.<\/p>\n<p>Aqu\u00ed encontrar\u00e1s un foro \u00fanico donde compartiremos y exploraremos temas clave sobre nutrici\u00f3n, salud integral, longevidad con calidad, bienestar emocional y f\u00edsico.<\/p>\n<p>Yoga facial, soundhealing y meditaci\u00f3n en movimiento.<\/p>\n<p><strong>S\u00e1bado 1 de marzo 2025<\/strong><br \/>\nSal\u00f3n L\u00edderes Akadem<br \/>\nRio Suchiate 722 Lomas del Valle<br \/>\n10:00 a.m. a 6:00 p.m.<\/p>\n<p>Taller de 5:00 a 6:00 p.m. con <strong>Tisha Aste<\/strong>: Coach Yoga y Pilates Sonoterapeuta hol\u00edstica<\/p>\n","protected":false},"excerpt":{"rendered":"<p>Un espacio dise\u00f1ado especialmente para mujeres que buscan vivir con bienestar, equilibrio y vitalidad.<\/p>\n<p>Aqu\u00ed encontrar\u00e1s un foro \u00fanico donde compartiremos y exploraremos temas clave sobre nutrici\u00f3n, salud integral, longevidad con calidad, bienestar emocional y f\u00edsico.<\/p>\n<p>Yoga facial, soundhealing y meditaci\u00f3n en movimiento.<\/p>\n<p><strong>S\u00e1bado 1 de marzo 2025<\/strong><br \/>\nSal\u00f3n L\u00edderes Akadem<br \/>\nRio Suchiate 722 Lomas del Valle<br \/>\n10:00 a.m. a 6:00 p.m.<\/p>\n<p>Taller de 5:00 a 6:00 p.m. con <strong>Tisha Aste<\/strong>: Coach Yoga y Pilates Sonoterapeuta hol\u00edstica<\/p>\n","protected":false},"featured_media":1040146,"comment_status":"open","ping_status":"closed","template":"","meta":[],"product_brand":[],"product_cat":[31],"product_tag":[],"class_list":{"0":"post-1040186","1":"product","2":"type-product","3":"status-publish","4":"has-post-thumbnail","6":"product_cat-sin-categorizar","8":"first","9":"instock","10":"taxable","11":"shipping-taxable","12":"purchasable","13":"product-type-simple"},"_links":{"self":[{"href":"http:\/\/olivomercadotecnia.mx\/bienestar\/wp-json\/wp\/v2\/product\/1040186","targetHints":{"allow":["GET"]}}],"collection":[{"href":"http:\/\/olivomercadotecnia.mx\/bienestar\/wp-json\/wp\/v2\/product"}],"about":[{"href":"http:\/\/olivomercadotecnia.mx\/bienestar\/wp-json\/wp\/v2\/types\/product"}],"replies":[{"embeddable":true,"href":"http:\/\/olivomercadotecnia.mx\/bienestar\/wp-json\/wp\/v2\/comments?post=1040186"}],"wp:featuredmedia":[{"embeddable":true,"href":"http:\/\/olivomercadotecnia.mx\/bienestar\/wp-json\/wp\/v2\/media\/1040146"}],"wp:attachment":[{"href":"http:\/\/olivomercadotecnia.mx\/bienestar\/wp-json\/wp\/v2\/media?parent=1040186"}],"wp:term":[{"taxonomy":"product_brand","embeddable":true,"href":"http:\/\/olivomercadotecnia.mx\/bienestar\/wp-json\/wp\/v2\/product_brand?post=1040186"},{"taxonomy":"product_cat","embeddable":true,"href":"http:\/\/olivomercadotecnia.mx\/bienestar\/wp-json\/wp\/v2\/product_cat?post=1040186"},{"taxonomy":"product_tag","embeddable":true,"href":"http:\/\/olivomercadotecnia.mx\/bienestar\/wp-json\/wp\/v2\/product_tag?post=1040186"}],"curies":[{"name":"wp","href":"https:\/\/api.w.org\/{rel}","templated":true}]}}